{"id":96,"date":"2019-02-22T16:03:18","date_gmt":"2019-02-22T15:03:18","guid":{"rendered":"http:\/\/www.feuerwehr-wuestems.de\/?page_id=96"},"modified":"2019-11-29T16:20:38","modified_gmt":"2019-11-29T15:20:38","slug":"verein","status":"publish","type":"page","link":"https:\/\/feuerwehr-wuestems.de\/?page_id=96","title":{"rendered":"Verein"},"content":{"rendered":"\n<p>Der seit\n1935 bestehende Verein Freiwilligen Feuerwehr W\u00fcstems f\u00fchrt mit Wirkung vom\n01.01.1973 gem\u00e4\u00df Brandschutzhilfeleistungsgesetz vom 01.01.1970 und der Fusion\nder Gro\u00dfgemeinde Waldems vom 01.01.1972 den Namen F\u00f6rderverein der Freiwilligen\nFeuerwehr Waldems \u2013 W\u00fcstems. <\/p>\n\n\n\n<p>Sitz des\nVereins ist Waldems \u2013 W\u00fcstems.<\/p>\n\n\n<ol>\n<li>Der Verein hat den Zweck,<\/li>\n<li>a) das Feuerwehrwesen in Waldems-W\u00fcstems nach dem geltenden Landesgesetz und den dazu ergangenen Verordnungen und Richtlinien zu f\u00f6rdern;<\/li>\n<li>b) die Interessen der einzelnen Abteilungen (Jugendfeuerwehr, Kindergruppe, Alters- \u00a0\u00a0\u00a0und Ehrenabteilung) zu koordinieren.<\/li>\n<li>Der Satzungszweck wird verwirklicht, insbesondere durch<\/li>\n<li>a) die Umsetzung der Grunds\u00e4tze des freiwilligen Feuer-, Gefahren und Bev\u00f6lkerungsschutzes durch geeignete Ma\u00dfnahmen, wie gemeinsame \u00dcbungen oder Werbeveranstaltungen f\u00fcr den Feuerwehrgedanken, um diese zu f\u00f6rdern und zu pflegen;<\/li>\n<li>b) die Einsatzabteilung der Freiwilligen Feuerwehr bei der Erf\u00fcllung ihrer Aufgaben zu unterst\u00fctzen;<\/li>\n<li>c) sich den sozialen Belangen, wie ausreichender Versicherungsschutz der Mitglieder zu widmen. Die Vorschriften des \u00a7 53 AO sind zu beachten;<\/li>\n<li>d) interessierte Einwohner f\u00fcr die Feuerwehr zu gewinnen;<\/li>\n<li>e) \u00d6ffentlichkeitsarbeit, Brandschutzerziehung und -aufkl\u00e4rung zu betreiben;<\/li>\n<li>f) die Bildung und Unterhaltung einer Jugendfeuerwehr und einer Kindergruppe anzustreben und die Nachwuchs- und Jugendarbeit zu unterst\u00fctzen;<\/li>\n<li>\u00a0 g) mit den, am Brandschutz interessierten und f\u00fcr diesen verantwortlichen Stellen und Organisationen zusammen zu arbeiten<\/li>\n<\/ol>","protected":false},"excerpt":{"rendered":"<p>Der seit 1935 bestehende Verein Freiwilligen Feuerwehr W\u00fcstems f\u00fchrt mit Wirkung vom 01.01.1973 gem\u00e4\u00df Brandschutzhilfeleistungsgesetz vom 01.01.1970 und der Fusion der Gro\u00dfgemeinde Waldems vom 01.01.1972 den Namen F\u00f6rderverein der Freiwilligen Feuerwehr Waldems \u2013 W\u00fcstems. Sitz des Vereins ist Waldems \u2013 W\u00fcstems. Der Verein hat den Zweck, a) das Feuerwehrwesen in Waldems-W\u00fcstems nach dem geltenden Landesgesetz &hellip; <a href=\"https:\/\/feuerwehr-wuestems.de\/?page_id=96\" class=\"more-link\"><span class=\"screen-reader-text\">Verein<\/span> weiterlesen <span class=\"meta-nav\">&rarr;<\/span><\/a><\/p>\n","protected":false},"author":2,"featured_media":0,"parent":0,"menu_order":0,"comment_status":"closed","ping_status":"closed","template":"","meta":{"footnotes":"","_mc_calendar":[]},"_links":{"self":[{"href":"https:\/\/feuerwehr-wuestems.de\/index.php?rest_route=\/wp\/v2\/pages\/96"}],"collection":[{"href":"https:\/\/feuerwehr-wuestems.de\/index.php?rest_route=\/wp\/v2\/pages"}],"about":[{"href":"https:\/\/feuerwehr-wuestems.de\/index.php?rest_route=\/wp\/v2\/types\/page"}],"author":[{"embeddable":true,"href":"https:\/\/feuerwehr-wuestems.de\/index.php?rest_route=\/wp\/v2\/users\/2"}],"replies":[{"embeddable":true,"href":"https:\/\/feuerwehr-wuestems.de\/index.php?rest_route=%2Fwp%2Fv2%2Fcomments&post=96"}],"version-history":[{"count":2,"href":"https:\/\/feuerwehr-wuestems.de\/index.php?rest_route=\/wp\/v2\/pages\/96\/revisions"}],"predecessor-version":[{"id":2813,"href":"https:\/\/feuerwehr-wuestems.de\/index.php?rest_route=\/wp\/v2\/pages\/96\/revisions\/2813"}],"wp:attachment":[{"href":"https:\/\/feuerwehr-wuestems.de\/index.php?rest_route=%2Fwp%2Fv2%2Fmedia&parent=96"}],"curies":[{"name":"wp","href":"https:\/\/api.w.org\/{rel}","templated":true}]}}