{"id":35,"date":"2017-02-21T13:38:27","date_gmt":"2017-02-21T12:38:27","guid":{"rendered":"http:\/\/dietrichit.de\/feuerwehr-wuestems\/staging\/?page_id=35"},"modified":"2026-01-30T15:59:12","modified_gmt":"2026-01-30T14:59:12","slug":"35-2","status":"publish","type":"page","link":"https:\/\/feuerwehr-wuestems.de\/?page_id=35","title":{"rendered":"Impressum"},"content":{"rendered":"<h1><strong>Impressum<\/strong><\/h1>\n<h2>Diensteanbieter<\/h2>\n<p><strong>F\u00f6rderverein der Freiwilligen Feuerwehr W\u00fcstems e.V.<\/strong> Herboldweg 5 65529 Waldems Deutschland<\/p>\n<p>Vertreten durch den 1. Vorsitzenden: <strong>K. Stenger<\/strong><\/p>\n<h2>Kontakt<\/h2>\n<p>E\u2011Mail: info@feuerwehr-wuestems.de<\/p>\n<p>Kontaktformular: <span tabindex=\"0\" role=\"button\" data-url=\"https:\/\/feuerwehr-wuestems.de\/?page_id=99\" aria-label=\"https:\/\/feuerwehr-wuestems.de\/?page_id=99, dadurch gelangen Sie zu feuerwehr-wuestems.de\">https:\/\/feuerwehr-wuestems.de\/?page_id=99<\/span><\/p>\n<h2>Registereintrag<\/h2>\n<p>Eingetragen im Vereinsregister. Registergericht: Amtsgericht Wiesbaden Registernummer: <strong>VR 5039<\/strong><\/p>\n<h2>Verantwortlich f\u00fcr den Inhalt nach \u00a7 18 Abs. 2 MStV<\/h2>\n<p><strong>K. Stenger<\/strong> Herboldweg 5 65529 Waldems<\/p>\n<h2>Redaktion &amp; Design<\/h2>\n<p>K. Stenger<\/p>\n<h2>Urheberrecht<\/h2>\n<p>Die auf dieser Website ver\u00f6ffentlichten Inhalte (Texte, Bilder, Grafiken, Layout) unterliegen dem deutschen Urheberrecht. Eine Verwendung, Vervielf\u00e4ltigung oder Weitergabe au\u00dferhalb der gesetzlichen Grenzen des Urheberrechts bedarf der vorherigen schriftlichen Zustimmung des jeweiligen Rechteinhabers.<\/p>\n<h2>Haftung f\u00fcr Inhalte<\/h2>\n<p>Als Diensteanbieter sind wir gem\u00e4\u00df \u00a7 7 Abs. 1 DDG f\u00fcr eigene Inhalte auf diesen Seiten nach den allgemeinen Gesetzen verantwortlich. Nach \u00a7\u00a7 8\u201310 DDG sind wir jedoch nicht verpflichtet, \u00fcbermittelte oder gespeicherte fremde Informationen zu \u00fcberwachen oder nach Umst\u00e4nden zu forschen, die auf eine rechtswidrige T\u00e4tigkeit hinweisen. Verpflichtungen zur Entfernung oder Sperrung der Nutzung von Informationen nach den allgemeinen Gesetzen bleiben hiervon unber\u00fchrt. Eine Haftung ist jedoch erst ab dem Zeitpunkt der Kenntnis einer konkreten Rechtsverletzung m\u00f6glich. Bei Bekanntwerden entsprechender Rechtsverletzungen entfernen wir diese Inhalte umgehend.<\/p>\n<h2>Haftung f\u00fcr Links<\/h2>\n<p>Unsere Website enth\u00e4lt Links zu externen Websites Dritter, auf deren Inhalte wir keinen Einfluss haben. F\u00fcr die Inhalte der verlinkten Seiten ist stets der jeweilige Anbieter oder Betreiber verantwortlich. Bei Verlinkung wurden die Seiten auf m\u00f6gliche Rechtsverst\u00f6\u00dfe \u00fcberpr\u00fcft; rechtswidrige Inhalte waren zu diesem Zeitpunkt nicht erkennbar. Eine permanente inhaltliche Kontrolle der verlinkten Seiten ist ohne konkrete Anhaltspunkte einer Rechtsverletzung nicht zumutbar. Bei Bekanntwerden von Rechtsverletzungen entfernen wir derartige Links umgehend.<\/p>\n","protected":false},"excerpt":{"rendered":"<p>Impressum Diensteanbieter F\u00f6rderverein der Freiwilligen Feuerwehr W\u00fcstems e.V. Herboldweg 5 65529 Waldems Deutschland Vertreten durch den 1. Vorsitzenden: K. Stenger Kontakt E\u2011Mail: info@feuerwehr-wuestems.de Kontaktformular: https:\/\/feuerwehr-wuestems.de\/?page_id=99 Registereintrag Eingetragen im Vereinsregister. Registergericht: Amtsgericht Wiesbaden Registernummer: VR 5039 Verantwortlich f\u00fcr den Inhalt nach \u00a7 18 Abs. 2 MStV K. Stenger Herboldweg 5 65529 Waldems Redaktion &amp; Design K. &hellip; <a href=\"https:\/\/feuerwehr-wuestems.de\/?page_id=35\" class=\"more-link\"><span class=\"screen-reader-text\">Impressum<\/span> weiterlesen <span class=\"meta-nav\">&rarr;<\/span><\/a><\/p>\n","protected":false},"author":1,"featured_media":0,"parent":0,"menu_order":0,"comment_status":"closed","ping_status":"closed","template":"","meta":{"footnotes":"","_mc_calendar":[]},"_links":{"self":[{"href":"https:\/\/feuerwehr-wuestems.de\/index.php?rest_route=\/wp\/v2\/pages\/35"}],"collection":[{"href":"https:\/\/feuerwehr-wuestems.de\/index.php?rest_route=\/wp\/v2\/pages"}],"about":[{"href":"https:\/\/feuerwehr-wuestems.de\/index.php?rest_route=\/wp\/v2\/types\/page"}],"author":[{"embeddable":true,"href":"https:\/\/feuerwehr-wuestems.de\/index.php?rest_route=\/wp\/v2\/users\/1"}],"replies":[{"embeddable":true,"href":"https:\/\/feuerwehr-wuestems.de\/index.php?rest_route=%2Fwp%2Fv2%2Fcomments&post=35"}],"version-history":[{"count":7,"href":"https:\/\/feuerwehr-wuestems.de\/index.php?rest_route=\/wp\/v2\/pages\/35\/revisions"}],"predecessor-version":[{"id":3015,"href":"https:\/\/feuerwehr-wuestems.de\/index.php?rest_route=\/wp\/v2\/pages\/35\/revisions\/3015"}],"wp:attachment":[{"href":"https:\/\/feuerwehr-wuestems.de\/index.php?rest_route=%2Fwp%2Fv2%2Fmedia&parent=35"}],"curies":[{"name":"wp","href":"https:\/\/api.w.org\/{rel}","templated":true}]}}