{"id":2788,"date":"2019-12-02T14:16:04","date_gmt":"2019-12-02T13:16:04","guid":{"rendered":"http:\/\/www.feuerwehr-wuestems.de\/?page_id=2788"},"modified":"2019-12-02T14:16:04","modified_gmt":"2019-12-02T13:16:04","slug":"grillplatz-anfahrt","status":"publish","type":"page","link":"https:\/\/feuerwehr-wuestems.de\/?page_id=2788","title":{"rendered":"Grillplatz                        Anfahrt"},"content":{"rendered":"\n<p>Der Grillplatz befindet sich au\u00dferhalb von W\u00fcstems.  Anfahrt \u00fcber die Stra\u00dfe &#8222;Auf der Lai&#8220;.  Dort der Beschilderung folgen. Der Anfahrtsweg ist einspurig. Bitte Geschwindigkeit anpassen.<\/p>\n\n\n\n<p><\/p>\n\n\n\n<p><\/p>\n\n\n\n<figure><iframe loading=\"lazy\" src=\"https:\/\/www.google.com\/maps\/embed?pb=!1m14!1m8!1m3!1d3033.569191237651!2d8.381643100825015!3d50.25612588978322!3m2!1i1024!2i768!4f13.1!3m3!1m2!1s0x0%3A0x1e04ecdf4299aa55!2sGrillplatz%20W%C3%BCstems!5e0!3m2!1sde!2sde!4v1575038816263!5m2!1sde!2sde\" allowfullscreen=\"\" width=\"800\" height=\"600\"><\/iframe><\/figure>\n\n\n\n<p><\/p>\n","protected":false},"excerpt":{"rendered":"<p>Der Grillplatz befindet sich au\u00dferhalb von W\u00fcstems. Anfahrt \u00fcber die Stra\u00dfe &#8222;Auf der Lai&#8220;. Dort der Beschilderung folgen. Der Anfahrtsweg ist einspurig. Bitte Geschwindigkeit anpassen.<\/p>\n","protected":false},"author":2,"featured_media":0,"parent":0,"menu_order":0,"comment_status":"closed","ping_status":"closed","template":"","meta":{"footnotes":"","_mc_calendar":[]},"_links":{"self":[{"href":"https:\/\/feuerwehr-wuestems.de\/index.php?rest_route=\/wp\/v2\/pages\/2788"}],"collection":[{"href":"https:\/\/feuerwehr-wuestems.de\/index.php?rest_route=\/wp\/v2\/pages"}],"about":[{"href":"https:\/\/feuerwehr-wuestems.de\/index.php?rest_route=\/wp\/v2\/types\/page"}],"author":[{"embeddable":true,"href":"https:\/\/feuerwehr-wuestems.de\/index.php?rest_route=\/wp\/v2\/users\/2"}],"replies":[{"embeddable":true,"href":"https:\/\/feuerwehr-wuestems.de\/index.php?rest_route=%2Fwp%2Fv2%2Fcomments&post=2788"}],"version-history":[{"count":4,"href":"https:\/\/feuerwehr-wuestems.de\/index.php?rest_route=\/wp\/v2\/pages\/2788\/revisions"}],"predecessor-version":[{"id":2805,"href":"https:\/\/feuerwehr-wuestems.de\/index.php?rest_route=\/wp\/v2\/pages\/2788\/revisions\/2805"}],"wp:attachment":[{"href":"https:\/\/feuerwehr-wuestems.de\/index.php?rest_route=%2Fwp%2Fv2%2Fmedia&parent=2788"}],"curies":[{"name":"wp","href":"https:\/\/api.w.org\/{rel}","templated":true}]}}