{"id":2699,"date":"2019-02-26T15:14:37","date_gmt":"2019-02-26T14:14:37","guid":{"rendered":"http:\/\/www.feuerwehr-wuestems.de\/?page_id=2699"},"modified":"2020-01-21T15:13:59","modified_gmt":"2020-01-21T14:13:59","slug":"start","status":"publish","type":"page","link":"https:\/\/feuerwehr-wuestems.de\/","title":{"rendered":"Willkommen"},"content":{"rendered":"\n<figure class=\"wp-block-image is-resized\"><img loading=\"lazy\" decoding=\"async\" src=\"https:\/\/feuerwehr-wuestems.de\/wp-content\/uploads\/Feuerwehr-Waldems-1024x572.jpg\" alt=\"\" class=\"wp-image-2836\" width=\"650\" height=\"362\" srcset=\"https:\/\/feuerwehr-wuestems.de\/wp-content\/uploads\/Feuerwehr-Waldems-1024x572.jpg 1024w, https:\/\/feuerwehr-wuestems.de\/wp-content\/uploads\/Feuerwehr-Waldems-300x168.jpg 300w, https:\/\/feuerwehr-wuestems.de\/wp-content\/uploads\/Feuerwehr-Waldems-1038x576.jpg 1038w\" sizes=\"(max-width: 650px) 100vw, 650px\" \/><\/figure>\n\n\n\n<p>Herzlich Willkommen auf der Homepage der <\/p>\n\n\n\n<p>Freiwilligen Feuerwehr Waldems W\u00fcstems<\/p>\n\n\n\n<p><br><br>Die Freiwillige Feuerwehr Waldems W\u00fcstems stellt den Brandschutz in der Gemeinde Waldems und speziell im Ortsteil W\u00fcstems sicher.<br>Weiter ist der F\u00f6rderverein der FFW W\u00fcstems e.V als starker Partner im Hintergrund t\u00e4tig und sorgt mit seinen ehrenamtlichen T\u00e4tigkeiten f\u00fcr die finanzielle Unterst\u00fctzung der Einsatzabteilung sowie den Jugendabteilungen.<br><br>Wir freuen uns auf jedes neues Mitglied. Egal ob Aktiv in der Kinderfeuerwehr, der Jugendfeuerwehr, der Einsatzabteilung oder passiv im Verein um ehrenamtlich das Ortsleben zu unterst\u00fctzen und zu gestalten.<br><br>Der Vorstand der FFW  <br> <\/p>\n","protected":false},"excerpt":{"rendered":"<p>Herzlich Willkommen auf der Homepage der Freiwilligen Feuerwehr Waldems W\u00fcstems Die Freiwillige Feuerwehr Waldems W\u00fcstems stellt den Brandschutz in der Gemeinde Waldems und speziell im Ortsteil W\u00fcstems sicher.Weiter ist der F\u00f6rderverein der FFW W\u00fcstems e.V als starker Partner im Hintergrund t\u00e4tig und sorgt mit seinen ehrenamtlichen T\u00e4tigkeiten f\u00fcr die finanzielle Unterst\u00fctzung der Einsatzabteilung sowie den &hellip; <a href=\"https:\/\/feuerwehr-wuestems.de\/\" class=\"more-link\"><span class=\"screen-reader-text\">Willkommen<\/span> weiterlesen <span class=\"meta-nav\">&rarr;<\/span><\/a><\/p>\n","protected":false},"author":2,"featured_media":0,"parent":0,"menu_order":0,"comment_status":"closed","ping_status":"closed","template":"","meta":{"footnotes":"","_mc_calendar":[]},"_links":{"self":[{"href":"https:\/\/feuerwehr-wuestems.de\/index.php?rest_route=\/wp\/v2\/pages\/2699"}],"collection":[{"href":"https:\/\/feuerwehr-wuestems.de\/index.php?rest_route=\/wp\/v2\/pages"}],"about":[{"href":"https:\/\/feuerwehr-wuestems.de\/index.php?rest_route=\/wp\/v2\/types\/page"}],"author":[{"embeddable":true,"href":"https:\/\/feuerwehr-wuestems.de\/index.php?rest_route=\/wp\/v2\/users\/2"}],"replies":[{"embeddable":true,"href":"https:\/\/feuerwehr-wuestems.de\/index.php?rest_route=%2Fwp%2Fv2%2Fcomments&post=2699"}],"version-history":[{"count":4,"href":"https:\/\/feuerwehr-wuestems.de\/index.php?rest_route=\/wp\/v2\/pages\/2699\/revisions"}],"predecessor-version":[{"id":2865,"href":"https:\/\/feuerwehr-wuestems.de\/index.php?rest_route=\/wp\/v2\/pages\/2699\/revisions\/2865"}],"wp:attachment":[{"href":"https:\/\/feuerwehr-wuestems.de\/index.php?rest_route=%2Fwp%2Fv2%2Fmedia&parent=2699"}],"curies":[{"name":"wp","href":"https:\/\/api.w.org\/{rel}","templated":true}]}}