{"id":100,"date":"2019-02-22T16:03:18","date_gmt":"2019-02-22T15:03:18","guid":{"rendered":"http:\/\/www.feuerwehr-wuestems.de\/?page_id=100"},"modified":"2024-10-08T19:44:16","modified_gmt":"2024-10-08T17:44:16","slug":"grillhuette","status":"publish","type":"page","link":"https:\/\/feuerwehr-wuestems.de\/?page_id=100","title":{"rendered":"Grillplatz"},"content":{"rendered":"<p style=\"text-align: center;\"><strong>Willkommen auf der Informationsseite des<\/strong><\/p>\n<p style=\"text-align: center;\"><strong> W\u00fcstemser Grillplatzes.<\/strong><\/p>\n<p>Unser Grillplatz liegt etwas abseits, idyllisch am Wald. Hohe B\u00e4ume s\u00e4umen ihn und bieten im Sommer Schatten. Angrenzend liegt ein Bolzplatz auf dem Fu\u00dfball oder andere Spiele gespielt werden k\u00f6nnen. Partyzelte, Pavillons (keine Campingzelte) k\u00f6nnen nach R\u00fccksprache hier aufgebaut werden. Auch gr\u00f6\u00dferen Gruppen bietet der Platz Raum.<\/p>\n<p>Der Grillplatz verf\u00fcgt \u00fcber:<\/p>\n<ul>\n<li style=\"list-style-type: none;\">\n<ul>\n<li>Eine gro\u00dfe Schutzh\u00fctte mit Innen und Au\u00dfenbeleuchtung.\n<ul>\n<li>Drei Seiten sind geschlossen, Front offen.<\/li>\n<li>Betonierter Boden<\/li>\n<li>2 Fenster Richtung Bolzplatz<\/li>\n<li>Der Platz vor der H\u00fctte ist gepflastert<\/li>\n<li>Direkte Anfahrt an die H\u00fctte zum ent\/beladen<\/li>\n<\/ul>\n<\/li>\n<li>Extra Toilettenhaus nach Geschlechtern getrennt.<\/li>\n<li>Flie\u00dfend Wasser.<\/li>\n<li>Stromanschl\u00fcssen an der H\u00fctte, Toilette und Grill.<\/li>\n<li>Einen \u00fcberdachten, h\u00f6henverstellbaren Grill.<\/li>\n<li>Einen Ger\u00e4te- und Lagerraum. Besen und Schaufel mit denen der Platz sauber gehalten werden kann. Au\u00dferdem befinden sich in dem Lagerraum 10 Bierzeltgarnituren. Diese sind im Preis inbegriffen.<\/li>\n<li>Weitere Holztische und -B\u00e4nke stehen in der Grillh\u00fctte<\/li>\n<li>Sitzm\u00f6glichkeiten bis ca. 150 Personen.<\/li>\n<li>Eine Feuerstelle.<\/li>\n<li>Parkplatz.<\/li>\n<\/ul>\n<\/li>\n<\/ul>\n<p><strong>Benutzungsentgeld: 75\u20ac\/Tag<\/strong><\/p>\n<p>Inbegriffen:<\/p>\n<ul>\n<li style=\"list-style-type: none;\">\n<ul>\n<li>Schutzh\u00fctte<\/li>\n<li>\u00dcberdachter Grill<\/li>\n<li>Feuerstelle<\/li>\n<li>Toiletten<\/li>\n<li>Strom und Wasser<\/li>\n<li>Bierzeltgarnitur<\/li>\n<\/ul>\n<\/li>\n<\/ul>\n<p>Extra:<\/p>\n<ul>\n<li style=\"list-style-type: none;\">\n<ul>\n<li>Auf Anfrage und mit Reservierung\n<ul>\n<li>Zapfanlage<\/li>\n<li>Pavillon<\/li>\n<\/ul>\n<\/li>\n<\/ul>\n<\/li>\n<\/ul>\n<p>Kaution: Es werden 50\u20ac Kaution erhoben, die nach Abnahme des Platzes wiedererstattet werden.<\/p>\n<ul>\n<li><a href=\"https:\/\/feuerwehr-wuestems.de\/wp-content\/uploads\/Benutzungsordnung-Grillplatz-2023.pdf\">Benutzungsordnung Grillplatz<\/a><\/li>\n<\/ul>\n<p>Buchung:<\/p>\n<ul>\n<li><a href=\"https:\/\/feuerwehr-wuestems.de\/?page_id=2761\" data-rich-text-format-boundary=\"true\">Onlinebuchung <\/a><\/li>\n<\/ul>\n\n\n<p>Der anliegende Bolzplatz kann mitgenutzt werden. Er geh\u00f6rt aber nicht zur Mietsache.<\/p>\n\n\n\n<p>Kontakt: <\/p>\n\n\n\n<p>M. Volkmar Tel.:0170 9214743 <\/p>\n\n\n\n<ul>\n<li><a href=\"mailto:grillplatz@feuerwehr-wuestems.de\">E-Mail<\/a><\/li>\n<\/ul>\n\n\n\n<p>Hinweis: In der Wintersaison vom 1.11 bis 31.3 kann der Grillplatz nur direkt \u00fcber uns oder E-Mail angefragt und gebucht werden.<\/p>\n","protected":false},"excerpt":{"rendered":"<p>Willkommen auf der Informationsseite des W\u00fcstemser Grillplatzes. Unser Grillplatz liegt etwas abseits, idyllisch am Wald. Hohe B\u00e4ume s\u00e4umen ihn und bieten im Sommer Schatten. Angrenzend liegt ein Bolzplatz auf dem Fu\u00dfball oder andere Spiele gespielt werden k\u00f6nnen. Partyzelte, Pavillons (keine Campingzelte) k\u00f6nnen nach R\u00fccksprache hier aufgebaut werden. Auch gr\u00f6\u00dferen Gruppen bietet der Platz Raum. Der &hellip; <a href=\"https:\/\/feuerwehr-wuestems.de\/?page_id=100\" class=\"more-link\"><span class=\"screen-reader-text\">Grillplatz<\/span> weiterlesen <span class=\"meta-nav\">&rarr;<\/span><\/a><\/p>\n","protected":false},"author":2,"featured_media":0,"parent":0,"menu_order":0,"comment_status":"closed","ping_status":"closed","template":"","meta":{"footnotes":"","_mc_calendar":[]},"_links":{"self":[{"href":"https:\/\/feuerwehr-wuestems.de\/index.php?rest_route=\/wp\/v2\/pages\/100"}],"collection":[{"href":"https:\/\/feuerwehr-wuestems.de\/index.php?rest_route=\/wp\/v2\/pages"}],"about":[{"href":"https:\/\/feuerwehr-wuestems.de\/index.php?rest_route=\/wp\/v2\/types\/page"}],"author":[{"embeddable":true,"href":"https:\/\/feuerwehr-wuestems.de\/index.php?rest_route=\/wp\/v2\/users\/2"}],"replies":[{"embeddable":true,"href":"https:\/\/feuerwehr-wuestems.de\/index.php?rest_route=%2Fwp%2Fv2%2Fcomments&post=100"}],"version-history":[{"count":10,"href":"https:\/\/feuerwehr-wuestems.de\/index.php?rest_route=\/wp\/v2\/pages\/100\/revisions"}],"predecessor-version":[{"id":3009,"href":"https:\/\/feuerwehr-wuestems.de\/index.php?rest_route=\/wp\/v2\/pages\/100\/revisions\/3009"}],"wp:attachment":[{"href":"https:\/\/feuerwehr-wuestems.de\/index.php?rest_route=%2Fwp%2Fv2%2Fmedia&parent=100"}],"curies":[{"name":"wp","href":"https:\/\/api.w.org\/{rel}","templated":true}]}}